{"id":28,"date":"2021-03-18T20:38:54","date_gmt":"2021-03-18T19:38:54","guid":{"rendered":"https:\/\/zuhauseimhard.ch\/wordpress\/?page_id=28"},"modified":"2021-03-23T20:32:05","modified_gmt":"2021-03-23T19:32:05","slug":"ueber-strengelbach","status":"publish","type":"page","link":"https:\/\/zuhauseimhard.ch\/wordpress\/ueber-strengelbach\/","title":{"rendered":"\u00dcber Strengelbach"},"content":{"rendered":"\t\t<div data-elementor-type=\"wp-page\" data-elementor-id=\"28\" class=\"elementor elementor-28\" data-elementor-settings=\"[]\">\n\t\t\t\t\t\t\t<div class=\"elementor-section-wrap\">\n\t\t\t\t\t\t\t<section class=\"elementor-section elementor-top-section elementor-element elementor-element-cbab6be elementor-section-boxed elementor-section-height-default elementor-section-height-default\" data-id=\"cbab6be\" data-element_type=\"section\">\n\t\t\t\t\t\t<div class=\"elementor-container elementor-column-gap-default\">\n\t\t\t\t\t<div class=\"elementor-column elementor-col-100 elementor-top-column elementor-element elementor-element-72a0b07\" data-id=\"72a0b07\" data-element_type=\"column\">\n\t\t\t<div class=\"elementor-widget-wrap elementor-element-populated\">\n\t\t\t\t\t\t\t\t<div class=\"elementor-element elementor-element-b9c6780 elementor-widget elementor-widget-text-editor\" data-id=\"b9c6780\" data-element_type=\"widget\" data-widget_type=\"text-editor.default\">\n\t\t\t\t<div class=\"elementor-widget-container\">\n\t\t\t\t\t<div class=\"elementor-text-editor elementor-clearfix\"><p style=\"color: rgb(68, 68, 68); font-family: Roboto-Regular, sans-serif; font-size: 17.6px; font-style: normal; font-variant-ligatures: normal; font-variant-caps: normal; font-weight: 400;\">Strengelbach liegt im Westen des Kantons Aargau. Die Gemeinde liegt im &#171;Gr\u00fcnen&#187;, bietet zahlreiche Erholungsgebiete und liegt trotzdem sehr zentral. Mit fast 5&#8217;000 Einwohnern deckt die Gemeinde die Grundbed\u00fcrfnisse ihrer Einwohner vollst\u00e4ndig ab. Durch die N\u00e4he zum Bahnhof Zofingen (mit dem Fahrrad ca. 5 Minuten) erreicht man in kurzer Zeit gr\u00f6ssere St\u00e4dte wie Basel, Bern, Luzern und Z\u00fcrich ebenso wie Olten und Aarau einfach mit den \u00f6ffentlichen Verkehrsmittel. Auch der Zugang zum Individualverkehr ist bestens gew\u00e4hrleistet. Das Wiggertaler Kreuz ist Dreh- und Angelpunkt der A1 (Z\u00fcrich-Bern) und A2 (Basel-Luzern).<\/p>\n<p style=\"margin-bottom: 0px; color: rgb(68, 68, 68); font-family: Roboto-Regular, sans-serif; font-size: 17.6px; font-style: normal; font-variant-ligatures: normal; font-variant-caps: normal; font-weight: 400;\">Die Schule verf\u00fcgt \u00fcber das Angebot des Kindergartens und der Primarschule. Die Oberstufe (Real und Sek) wird in Brittnau besucht. In der Nachbargemeinde Zofingen befinden sich die Bezirksschule, die Kantonsschule sowie viele Zweige der Berufsschulen.<br><\/p><\/div>\n\t\t\t\t<\/div>\n\t\t\t\t<\/div>\n\t\t\t\t\t<\/div>\n\t\t<\/div>\n\t\t\t\t\t\t\t<\/div>\n\t\t<\/section>\n\t\t\t\t\t\t<\/div>\n\t\t\t\t\t<\/div>\n\t\t","protected":false},"excerpt":{"rendered":"<p>Strengelbach liegt im Westen des Kantons Aargau. Die Gemeinde liegt im &#171;Gr\u00fcnen&#187;, bietet zahlreiche Erholungsgebiete und liegt trotzdem sehr zentral. Mit fast 5&#8217;000 Einwohnern deckt die Gemeinde die Grundbed\u00fcrfnisse ihrer Einwohner vollst\u00e4ndig ab. Durch die N\u00e4he zum Bahnhof Zofingen (mit dem Fahrrad ca. 5 Minuten) erreicht man in kurzer Zeit gr\u00f6ssere St\u00e4dte wie Basel, Bern, [&hellip;]<\/p>\n","protected":false},"author":1,"featured_media":0,"parent":0,"menu_order":0,"comment_status":"closed","ping_status":"closed","template":"","meta":{"footnotes":""},"class_list":["post-28","page","type-page","status-publish","hentry","entry"],"_links":{"self":[{"href":"https:\/\/zuhauseimhard.ch\/wordpress\/wp-json\/wp\/v2\/pages\/28","targetHints":{"allow":["GET"]}}],"collection":[{"href":"https:\/\/zuhauseimhard.ch\/wordpress\/wp-json\/wp\/v2\/pages"}],"about":[{"href":"https:\/\/zuhauseimhard.ch\/wordpress\/wp-json\/wp\/v2\/types\/page"}],"author":[{"embeddable":true,"href":"https:\/\/zuhauseimhard.ch\/wordpress\/wp-json\/wp\/v2\/users\/1"}],"replies":[{"embeddable":true,"href":"https:\/\/zuhauseimhard.ch\/wordpress\/wp-json\/wp\/v2\/comments?post=28"}],"version-history":[{"count":8,"href":"https:\/\/zuhauseimhard.ch\/wordpress\/wp-json\/wp\/v2\/pages\/28\/revisions"}],"predecessor-version":[{"id":75,"href":"https:\/\/zuhauseimhard.ch\/wordpress\/wp-json\/wp\/v2\/pages\/28\/revisions\/75"}],"wp:attachment":[{"href":"https:\/\/zuhauseimhard.ch\/wordpress\/wp-json\/wp\/v2\/media?parent=28"}],"curies":[{"name":"wp","href":"https:\/\/api.w.org\/{rel}","templated":true}]}}